{"id":739,"date":"2022-08-22T14:50:44","date_gmt":"2022-08-22T14:50:44","guid":{"rendered":"http:\/\/www.bigidea.com.ar\/?page_id=739"},"modified":"2022-09-14T13:58:04","modified_gmt":"2022-09-14T13:58:04","slug":"asesorias-a-entidades-publicas","status":"publish","type":"page","link":"http:\/\/www.bigidea.com.ar\/en\/asesorias-a-entidades-publicas\/","title":{"rendered":"Public Advisory"},"content":{"rendered":"<div data-elementor-type=\"wp-page\" data-elementor-id=\"739\" class=\"elementor elementor-739\">\n\t\t\t\t\t\t<section class=\"elementor-section elementor-top-section elementor-element elementor-element-3eee371 elementor-section-boxed elementor-section-height-default elementor-section-height-default\" data-id=\"3eee371\" data-element_type=\"section\" data-e-type=\"section\" data-settings=\"{&quot;background_background&quot;:&quot;gradient&quot;,&quot;shape_divider_bottom&quot;:&quot;opacity-tilt&quot;}\">\n\t\t\t\t\t<div class=\"elementor-shape elementor-shape-bottom\" aria-hidden=\"true\" data-negative=\"false\">\n\t\t\t<svg xmlns=\"http:\/\/www.w3.org\/2000\/svg\" viewbox=\"0 0 2600 131.1\" preserveaspectratio=\"none\">\n\t<path class=\"elementor-shape-fill\" d=\"M0 0L2600 0 2600 69.1 0 0z\"\/>\n\t<path class=\"elementor-shape-fill\" style=\"opacity:0.5\" d=\"M0 0L2600 0 2600 69.1 0 69.1z\"\/>\n\t<path class=\"elementor-shape-fill\" style=\"opacity:0.25\" d=\"M2600 0L0 0 0 130.1 2600 69.1z\"\/>\n<\/svg>\t\t<\/div>\n\t\t\t\t\t<div class=\"elementor-container elementor-column-gap-default\">\n\t\t\t\t\t<div class=\"elementor-column elementor-col-100 elementor-top-column elementor-element elementor-element-c5ba265\" data-id=\"c5ba265\" data-element_type=\"column\" data-e-type=\"column\">\n\t\t\t<div class=\"elementor-widget-wrap elementor-element-populated\">\n\t\t\t\t\t\t<div class=\"elementor-element elementor-element-1500905 elementor-position-left elementor-vertical-align-top elementor-widget elementor-widget-image-box\" data-id=\"1500905\" data-element_type=\"widget\" data-e-type=\"widget\" data-widget_type=\"image-box.default\">\n\t\t\t\t<div class=\"elementor-widget-container\">\n\t\t\t\t\t<div class=\"elementor-image-box-wrapper\"><figure class=\"elementor-image-box-img\"><a href=\"http:\/\/www.bigidea.com.ar\/en\/home\/#homeservicios\" tabindex=\"-1\"><img fetchpriority=\"high\" decoding=\"async\" width=\"700\" height=\"700\" src=\"https:\/\/www.bigidea.com.ar\/wp-content\/uploads\/2022\/07\/noun-news-editing-918639.png\" class=\"elementor-animation-grow attachment-full size-full wp-image-124\" alt=\"Redacci\u00f3n de proyectos p\u00fablicos Big IDEA Soluciones\" srcset=\"https:\/\/www.bigidea.com.ar\/wp-content\/uploads\/2022\/07\/noun-news-editing-918639.png 700w, https:\/\/www.bigidea.com.ar\/wp-content\/uploads\/2022\/07\/noun-news-editing-918639-300x300.png 300w, https:\/\/www.bigidea.com.ar\/wp-content\/uploads\/2022\/07\/noun-news-editing-918639-150x150.png 150w\" sizes=\"(max-width: 700px) 100vw, 700px\" \/><\/a><\/figure><div class=\"elementor-image-box-content\"><h2 class=\"elementor-image-box-title\"><a href=\"http:\/\/www.bigidea.com.ar\/en\/home\/#homeservicios\">Project Direction<\/a><\/h2><p class=\"elementor-image-box-description\">Every idea without the drafting of a project is a mere intention.<\/p><\/div><\/div>\t\t\t\t<\/div>\n\t\t\t\t<\/div>\n\t\t\t\t<section class=\"elementor-section elementor-inner-section elementor-element elementor-element-8204211 elementor-section-boxed elementor-section-height-default elementor-section-height-default\" data-id=\"8204211\" data-element_type=\"section\" data-e-type=\"section\">\n\t\t\t\t\t\t<div class=\"elementor-container elementor-column-gap-default\">\n\t\t\t\t\t<div class=\"elementor-column elementor-col-33 elementor-inner-column elementor-element elementor-element-2eba695\" data-id=\"2eba695\" data-element_type=\"column\" data-e-type=\"column\">\n\t\t\t<div class=\"elementor-widget-wrap elementor-element-populated\">\n\t\t\t\t\t\t<div class=\"elementor-element elementor-element-88ec504 elementor-align-center elementor-widget elementor-widget-button\" data-id=\"88ec504\" data-element_type=\"widget\" data-e-type=\"widget\" data-widget_type=\"button.default\">\n\t\t\t\t<div class=\"elementor-widget-container\">\n\t\t\t\t\t\t\t\t\t<div class=\"elementor-button-wrapper\">\n\t\t\t\t\t<a class=\"elementor-button elementor-button-link elementor-size-sm\" href=\"#consultas\">\n\t\t\t\t\t\t<span class=\"elementor-button-content-wrapper\">\n\t\t\t\t\t\t<span class=\"elementor-button-icon\">\n\t\t\t\t<i aria-hidden=\"true\" class=\"far fa-check-circle\"><\/i>\t\t\t<\/span>\n\t\t\t\t\t\t\t\t\t<span class=\"elementor-button-text\">More Info.<\/span>\n\t\t\t\t\t<\/span>\n\t\t\t\t\t<\/a>\n\t\t\t\t<\/div>\n\t\t\t\t\t\t\t\t<\/div>\n\t\t\t\t<\/div>\n\t\t\t\t\t<\/div>\n\t\t<\/div>\n\t\t\t\t<div class=\"elementor-column elementor-col-33 elementor-inner-column elementor-element elementor-element-b0e8e22\" data-id=\"b0e8e22\" data-element_type=\"column\" data-e-type=\"column\">\n\t\t\t<div class=\"elementor-widget-wrap elementor-element-populated\">\n\t\t\t\t\t\t<div class=\"elementor-element elementor-element-7996268 elementor-widget elementor-widget-text-editor\" data-id=\"7996268\" data-element_type=\"widget\" data-e-type=\"widget\" data-widget_type=\"text-editor.default\">\n\t\t\t\t<div class=\"elementor-widget-container\">\n\t\t\t\t\t\t\t\t\t<ul>\n<li><span style=\"color: var( --e-global-color-text ); background-color: transparent; font-size: var( --e-global-typography-86977b2-font-size ); letter-spacing: var( --e-global-typography-86977b2-letter-spacing ); word-spacing: var( --e-global-typography-86977b2-word-spacing );\">Development of Regionals Projects<\/span><\/li>\n<li><span style=\"background-color: transparent; color: var( --e-global-color-text ); font-family: var( --e-global-typography-25202e3-font-family ), Sans-serif; letter-spacing: var( --e-global-typography-25202e3-letter-spacing ); word-spacing: var( --e-global-typography-25202e3-word-spacing );\">Development of Sectoral Projects<\/span><\/li>\n<li>Productive Clusters<\/li>\n<li>ONG\u00b4s Projects<\/li>\n<\/ul>\t\t\t\t\t\t\t\t<\/div>\n\t\t\t\t<\/div>\n\t\t\t\t\t<\/div>\n\t\t<\/div>\n\t\t\t\t<div class=\"elementor-column elementor-col-33 elementor-inner-column elementor-element elementor-element-348827f\" data-id=\"348827f\" data-element_type=\"column\" data-e-type=\"column\">\n\t\t\t<div class=\"elementor-widget-wrap elementor-element-populated\">\n\t\t\t\t\t\t<div class=\"elementor-element elementor-element-0ee9d28 elementor-widget elementor-widget-text-editor\" data-id=\"0ee9d28\" data-element_type=\"widget\" data-e-type=\"widget\" data-widget_type=\"text-editor.default\">\n\t\t\t\t<div class=\"elementor-widget-container\">\n\t\t\t\t\t\t\t\t\t<ul>\n<li>Interpretation and Monitoring Project<\/li>\n<\/ul>\n<div>\u00a0<\/div>\n<div>\u00a0<\/div>\n<div>\u00a0<\/div>\n<div>\u00a0<\/div>\n<div>\u00a0<\/div>\n<div>\u00a0<\/div>\t\t\t\t\t\t\t\t<\/div>\n\t\t\t\t<\/div>\n\t\t\t\t\t<\/div>\n\t\t<\/div>\n\t\t\t\t\t<\/div>\n\t\t<\/section>\n\t\t\t\t\t<\/div>\n\t\t<\/div>\n\t\t\t\t\t<\/div>\n\t\t<\/section>\n\t\t\t\t<section class=\"elementor-section elementor-top-section elementor-element elementor-element-684249e elementor-section-boxed elementor-section-height-default elementor-section-height-default\" data-id=\"684249e\" data-element_type=\"section\" data-e-type=\"section\" id=\"consultas\" data-settings=\"{&quot;background_background&quot;:&quot;gradient&quot;,&quot;shape_divider_bottom&quot;:&quot;opacity-tilt&quot;}\">\n\t\t\t\t\t<div class=\"elementor-shape elementor-shape-bottom\" aria-hidden=\"true\" data-negative=\"false\">\n\t\t\t<svg xmlns=\"http:\/\/www.w3.org\/2000\/svg\" viewbox=\"0 0 2600 131.1\" preserveaspectratio=\"none\">\n\t<path class=\"elementor-shape-fill\" d=\"M0 0L2600 0 2600 69.1 0 0z\"\/>\n\t<path class=\"elementor-shape-fill\" style=\"opacity:0.5\" d=\"M0 0L2600 0 2600 69.1 0 69.1z\"\/>\n\t<path class=\"elementor-shape-fill\" style=\"opacity:0.25\" d=\"M2600 0L0 0 0 130.1 2600 69.1z\"\/>\n<\/svg>\t\t<\/div>\n\t\t\t\t\t<div class=\"elementor-container elementor-column-gap-default\">\n\t\t\t\t\t<div class=\"elementor-column elementor-col-100 elementor-top-column elementor-element elementor-element-a935340\" data-id=\"a935340\" data-element_type=\"column\" data-e-type=\"column\">\n\t\t\t<div class=\"elementor-widget-wrap elementor-element-populated\">\n\t\t\t\t\t\t<section class=\"elementor-section elementor-inner-section elementor-element elementor-element-daaa38c elementor-section-boxed elementor-section-height-default elementor-section-height-default\" data-id=\"daaa38c\" data-element_type=\"section\" data-e-type=\"section\">\n\t\t\t\t\t\t<div class=\"elementor-container elementor-column-gap-default\">\n\t\t\t\t\t<div class=\"elementor-column elementor-col-50 elementor-inner-column elementor-element elementor-element-e782675\" data-id=\"e782675\" data-element_type=\"column\" data-e-type=\"column\">\n\t\t\t<div class=\"elementor-widget-wrap\">\n\t\t\t\t\t\t\t<\/div>\n\t\t<\/div>\n\t\t\t\t<div class=\"elementor-column elementor-col-50 elementor-inner-column elementor-element elementor-element-e4241db\" data-id=\"e4241db\" data-element_type=\"column\" data-e-type=\"column\">\n\t\t\t<div class=\"elementor-widget-wrap\">\n\t\t\t\t\t\t\t<\/div>\n\t\t<\/div>\n\t\t\t\t\t<\/div>\n\t\t<\/section>\n\t\t\t\t\t<\/div>\n\t\t<\/div>\n\t\t\t\t\t<\/div>\n\t\t<\/section>\n\t\t\t\t<footer class=\"elementor-section elementor-top-section elementor-element elementor-element-3dbdbdaa elementor-section-full_width elementor-section-content-middle elementor-section-height-default elementor-section-height-default\" data-id=\"3dbdbdaa\" data-element_type=\"section\" data-e-type=\"section\" data-settings=\"{&quot;background_background&quot;:&quot;classic&quot;}\">\n\t\t\t\t\t\t\t<div class=\"elementor-background-overlay\"><\/div>\n\t\t\t\t\t\t\t<div class=\"elementor-container elementor-column-gap-no\">\n\t\t\t\t\t<div class=\"elementor-column elementor-col-25 elementor-top-column elementor-element elementor-element-43d1ffdc\" data-id=\"43d1ffdc\" data-element_type=\"column\" data-e-type=\"column\">\n\t\t\t<div class=\"elementor-widget-wrap elementor-element-populated\">\n\t\t\t\t\t\t<div class=\"elementor-element elementor-element-1bc72d17 elementor-widget elementor-widget-image\" data-id=\"1bc72d17\" data-element_type=\"widget\" data-e-type=\"widget\" data-widget_type=\"image.default\">\n\t\t\t\t<div class=\"elementor-widget-container\">\n\t\t\t\t\t\t\t\t\t\t\t\t\t\t\t<img decoding=\"async\" width=\"500\" height=\"500\" src=\"https:\/\/www.bigidea.com.ar\/wp-content\/uploads\/2022\/07\/Sophisticated-Elegant-Letter-Initial-Monogram-Circle-Logo.png\" class=\"attachment-full size-full wp-image-61\" alt=\"Logo Big IDEA Soluciones de Juan Jose Riganti\" srcset=\"https:\/\/www.bigidea.com.ar\/wp-content\/uploads\/2022\/07\/Sophisticated-Elegant-Letter-Initial-Monogram-Circle-Logo.png 500w, https:\/\/www.bigidea.com.ar\/wp-content\/uploads\/2022\/07\/Sophisticated-Elegant-Letter-Initial-Monogram-Circle-Logo-300x300.png 300w, https:\/\/www.bigidea.com.ar\/wp-content\/uploads\/2022\/07\/Sophisticated-Elegant-Letter-Initial-Monogram-Circle-Logo-150x150.png 150w\" sizes=\"(max-width: 500px) 100vw, 500px\" \/>\t\t\t\t\t\t\t\t\t\t\t\t\t\t\t<\/div>\n\t\t\t\t<\/div>\n\t\t\t\t\t<\/div>\n\t\t<\/div>\n\t\t\t\t<div class=\"elementor-column elementor-col-50 elementor-top-column elementor-element elementor-element-3c9acba4\" data-id=\"3c9acba4\" data-element_type=\"column\" data-e-type=\"column\">\n\t\t\t<div class=\"elementor-widget-wrap elementor-element-populated\">\n\t\t\t\t\t\t<div class=\"elementor-element elementor-element-6d0099bb elementor-tablet-align-center elementor-align-center elementor-list-item-link-full_width elementor-widget elementor-widget-icon-list\" data-id=\"6d0099bb\" data-element_type=\"widget\" data-e-type=\"widget\" data-widget_type=\"icon-list.default\">\n\t\t\t\t<div class=\"elementor-widget-container\">\n\t\t\t\t\t\t\t<ul class=\"elementor-icon-list-items\">\n\t\t\t\t\t\t\t<li class=\"elementor-icon-list-item\">\n\t\t\t\t\t\t\t\t\t\t<span class=\"elementor-icon-list-text\">+54 9 1133654769<\/span>\n\t\t\t\t\t\t\t\t\t<\/li>\n\t\t\t\t\t\t\t\t<li class=\"elementor-icon-list-item\">\n\t\t\t\t\t\t\t\t\t\t<span class=\"elementor-icon-list-text\">Tigre - Buenos Aires - Argentina<\/span>\n\t\t\t\t\t\t\t\t\t<\/li>\n\t\t\t\t\t\t\t\t<li class=\"elementor-icon-list-item\">\n\t\t\t\t\t\t\t\t\t\t<span class=\"elementor-icon-list-text\">Lun - Vier. 9:00AM - 5:00PM<\/span>\n\t\t\t\t\t\t\t\t\t<\/li>\n\t\t\t\t\t\t<\/ul>\n\t\t\t\t\t\t<\/div>\n\t\t\t\t<\/div>\n\t\t\t\t\t<\/div>\n\t\t<\/div>\n\t\t\t\t<div class=\"elementor-column elementor-col-25 elementor-top-column elementor-element elementor-element-6a4ac035\" data-id=\"6a4ac035\" data-element_type=\"column\" data-e-type=\"column\">\n\t\t\t<div class=\"elementor-widget-wrap elementor-element-populated\">\n\t\t\t\t\t\t<div class=\"elementor-element elementor-element-23d8a0a7 e-grid-align-right e-grid-align-tablet-right e-grid-align-mobile-center elementor-widget-mobile__width-inherit elementor-grid-6 elementor-shape-rounded elementor-widget elementor-widget-social-icons\" data-id=\"23d8a0a7\" data-element_type=\"widget\" data-e-type=\"widget\" data-widget_type=\"social-icons.default\">\n\t\t\t\t<div class=\"elementor-widget-container\">\n\t\t\t\t\t\t\t<div class=\"elementor-social-icons-wrapper elementor-grid\" role=\"list\">\n\t\t\t\t\t\t\t<span class=\"elementor-grid-item\" role=\"listitem\">\n\t\t\t\t\t<a class=\"elementor-icon elementor-social-icon elementor-social-icon-facebook-f elementor-repeater-item-3f1b7ac\" target=\"_blank\">\n\t\t\t\t\t\t<span class=\"elementor-screen-only\">Facebook-f<\/span>\n\t\t\t\t\t\t<i aria-hidden=\"true\" class=\"fab fa-facebook-f\"><\/i>\t\t\t\t\t<\/a>\n\t\t\t\t<\/span>\n\t\t\t\t\t\t\t<span class=\"elementor-grid-item\" role=\"listitem\">\n\t\t\t\t\t<a class=\"elementor-icon elementor-social-icon elementor-social-icon-instagram elementor-repeater-item-5c0ce3c\" target=\"_blank\">\n\t\t\t\t\t\t<span class=\"elementor-screen-only\">Instagram<\/span>\n\t\t\t\t\t\t<i aria-hidden=\"true\" class=\"fab fa-instagram\"><\/i>\t\t\t\t\t<\/a>\n\t\t\t\t<\/span>\n\t\t\t\t\t\t\t<span class=\"elementor-grid-item\" role=\"listitem\">\n\t\t\t\t\t<a class=\"elementor-icon elementor-social-icon elementor-social-icon-whatsapp elementor-repeater-item-828f132\" target=\"_blank\">\n\t\t\t\t\t\t<span class=\"elementor-screen-only\">Whatsapp<\/span>\n\t\t\t\t\t\t<i aria-hidden=\"true\" class=\"fab fa-whatsapp\"><\/i>\t\t\t\t\t<\/a>\n\t\t\t\t<\/span>\n\t\t\t\t\t\t\t<span class=\"elementor-grid-item\" role=\"listitem\">\n\t\t\t\t\t<a class=\"elementor-icon elementor-social-icon elementor-social-icon-envelope elementor-repeater-item-84dbc01\" target=\"_blank\">\n\t\t\t\t\t\t<span class=\"elementor-screen-only\">Envelope<\/span>\n\t\t\t\t\t\t<i aria-hidden=\"true\" class=\"fas fa-envelope\"><\/i>\t\t\t\t\t<\/a>\n\t\t\t\t<\/span>\n\t\t\t\t\t<\/div>\n\t\t\t\t\t\t<\/div>\n\t\t\t\t<\/div>\n\t\t\t\t\t<\/div>\n\t\t<\/div>\n\t\t\t\t\t<\/div>\n\t\t<\/footer>\n\t\t\t\t<\/div>","protected":false},"excerpt":{"rendered":"<p>Proyectos P\u00fablicos Toda idea sin la redacci\u00f3n de un proyecto es una simple intenci\u00f3n. Consultas Armado de Proyectos Regionales Armado de Proyectos Sectoriales Armado de Distritos Productivos y Grupos Asociativos. Armado de proyectos ONGs Rendici\u00f3n y seguimiento. \u00a0 \u00a0 \u00a0 \u00a0 \u00a0 \u00a0 Web InstitucionalSeo WebSocial MediaDesarrollo CreativoMercadotecniaAdministraci\u00f3n y Direcci\u00f3nRRHHNetwork MarketingProyectos PublicosAdministraci\u00f3n de Consorcios Tu &#8230; <a title=\"Public Advisory\" class=\"read-more\" href=\"http:\/\/www.bigidea.com.ar\/en\/asesorias-a-entidades-publicas\/\" aria-label=\"Read more about Asesorias a Entidades Publicas\">Read more<\/a><\/p>","protected":false},"author":1,"featured_media":0,"parent":0,"menu_order":0,"comment_status":"closed","ping_status":"closed","template":"","meta":{"footnotes":""},"class_list":["post-739","page","type-page","status-publish"],"yoast_head":"<!-- This site is optimized with the Yoast SEO plugin v27.5 - https:\/\/yoast.com\/product\/yoast-seo-wordpress\/ -->\n<title>Asesorias a Entidades Publicas - Big Idea<\/title>\n<meta name=\"description\" content=\"Brindamos un desarrollo completo de proyectos con impacto social. Que motorizan los entramados productivos, vectoriza la educaci\u00f3n y los integra.\" \/>\n<meta name=\"robots\" content=\"index, follow, max-snippet:-1, max-image-preview:large, max-video-preview:-1\" \/>\n<link rel=\"canonical\" href=\"https:\/\/www.bigidea.com.ar\/en\/asesorias-a-entidades-publicas\/\" \/>\n<meta property=\"og:locale\" content=\"en_US\" \/>\n<meta property=\"og:type\" content=\"article\" \/>\n<meta property=\"og:title\" content=\"Asesorias a Entidades Publicas - Big Idea\" \/>\n<meta property=\"og:description\" content=\"Brindamos un desarrollo completo de proyectos con impacto social. Que motorizan los entramados productivos, vectoriza la educaci\u00f3n y los integra.\" \/>\n<meta property=\"og:url\" content=\"https:\/\/www.bigidea.com.ar\/en\/asesorias-a-entidades-publicas\/\" \/>\n<meta property=\"og:site_name\" content=\"Big Idea\" \/>\n<meta property=\"article:modified_time\" content=\"2022-09-14T13:58:04+00:00\" \/>\n<meta property=\"og:image\" content=\"http:\/\/www.bigidea.com.ar\/wp-content\/uploads\/2022\/07\/noun-news-editing-918639.png\" \/>\n<meta name=\"twitter:card\" content=\"summary_large_image\" \/>\n<meta name=\"twitter:label1\" content=\"Est. reading time\" \/>\n\t<meta name=\"twitter:data1\" content=\"1 minute\" \/>\n<script type=\"application\/ld+json\" class=\"yoast-schema-graph\">{\"@context\":\"https:\\\/\\\/schema.org\",\"@graph\":[{\"@type\":\"WebPage\",\"@id\":\"https:\\\/\\\/www.bigidea.com.ar\\\/asesorias-a-entidades-publicas\\\/\",\"url\":\"https:\\\/\\\/www.bigidea.com.ar\\\/asesorias-a-entidades-publicas\\\/\",\"name\":\"Asesorias a Entidades Publicas - Big Idea\",\"isPartOf\":{\"@id\":\"https:\\\/\\\/www.bigidea.com.ar\\\/#website\"},\"primaryImageOfPage\":{\"@id\":\"https:\\\/\\\/www.bigidea.com.ar\\\/asesorias-a-entidades-publicas\\\/#primaryimage\"},\"image\":{\"@id\":\"https:\\\/\\\/www.bigidea.com.ar\\\/asesorias-a-entidades-publicas\\\/#primaryimage\"},\"thumbnailUrl\":\"http:\\\/\\\/www.bigidea.com.ar\\\/wp-content\\\/uploads\\\/2022\\\/07\\\/noun-news-editing-918639.png\",\"datePublished\":\"2022-08-22T14:50:44+00:00\",\"dateModified\":\"2022-09-14T13:58:04+00:00\",\"description\":\"Brindamos un desarrollo completo de proyectos con impacto social. Que motorizan los entramados productivos, vectoriza la educaci\u00f3n y los integra.\",\"breadcrumb\":{\"@id\":\"https:\\\/\\\/www.bigidea.com.ar\\\/asesorias-a-entidades-publicas\\\/#breadcrumb\"},\"inLanguage\":\"en-US\",\"potentialAction\":[{\"@type\":\"ReadAction\",\"target\":[\"https:\\\/\\\/www.bigidea.com.ar\\\/asesorias-a-entidades-publicas\\\/\"]}]},{\"@type\":\"ImageObject\",\"inLanguage\":\"en-US\",\"@id\":\"https:\\\/\\\/www.bigidea.com.ar\\\/asesorias-a-entidades-publicas\\\/#primaryimage\",\"url\":\"http:\\\/\\\/www.bigidea.com.ar\\\/wp-content\\\/uploads\\\/2022\\\/07\\\/noun-news-editing-918639.png\",\"contentUrl\":\"http:\\\/\\\/www.bigidea.com.ar\\\/wp-content\\\/uploads\\\/2022\\\/07\\\/noun-news-editing-918639.png\"},{\"@type\":\"BreadcrumbList\",\"@id\":\"https:\\\/\\\/www.bigidea.com.ar\\\/asesorias-a-entidades-publicas\\\/#breadcrumb\",\"itemListElement\":[{\"@type\":\"ListItem\",\"position\":1,\"name\":\"Portada\",\"item\":\"https:\\\/\\\/www.bigidea.com.ar\\\/\"},{\"@type\":\"ListItem\",\"position\":2,\"name\":\"Asesorias a Entidades Publicas\"}]},{\"@type\":\"WebSite\",\"@id\":\"https:\\\/\\\/www.bigidea.com.ar\\\/#website\",\"url\":\"https:\\\/\\\/www.bigidea.com.ar\\\/\",\"name\":\"Big Idea\",\"description\":\"Soluciones Integrales Freelance\",\"potentialAction\":[{\"@type\":\"SearchAction\",\"target\":{\"@type\":\"EntryPoint\",\"urlTemplate\":\"https:\\\/\\\/www.bigidea.com.ar\\\/?s={search_term_string}\"},\"query-input\":{\"@type\":\"PropertyValueSpecification\",\"valueRequired\":true,\"valueName\":\"search_term_string\"}}],\"inLanguage\":\"en-US\"}]}<\/script>\n<!-- \/ Yoast SEO plugin. -->","yoast_head_json":{"title":"Asesorias a Entidades Publicas - Big Idea","description":"Brindamos un desarrollo completo de proyectos con impacto social. Que motorizan los entramados productivos, vectoriza la educaci\u00f3n y los integra.","robots":{"index":"index","follow":"follow","max-snippet":"max-snippet:-1","max-image-preview":"max-image-preview:large","max-video-preview":"max-video-preview:-1"},"canonical":"https:\/\/www.bigidea.com.ar\/en\/asesorias-a-entidades-publicas\/","og_locale":"en_US","og_type":"article","og_title":"Asesorias a Entidades Publicas - Big Idea","og_description":"Brindamos un desarrollo completo de proyectos con impacto social. Que motorizan los entramados productivos, vectoriza la educaci\u00f3n y los integra.","og_url":"https:\/\/www.bigidea.com.ar\/en\/asesorias-a-entidades-publicas\/","og_site_name":"Big Idea","article_modified_time":"2022-09-14T13:58:04+00:00","og_image":[{"url":"http:\/\/www.bigidea.com.ar\/wp-content\/uploads\/2022\/07\/noun-news-editing-918639.png","type":"","width":"","height":""}],"twitter_card":"summary_large_image","twitter_misc":{"Est. reading time":"1 minute"},"schema":{"@context":"https:\/\/schema.org","@graph":[{"@type":"WebPage","@id":"https:\/\/www.bigidea.com.ar\/asesorias-a-entidades-publicas\/","url":"https:\/\/www.bigidea.com.ar\/asesorias-a-entidades-publicas\/","name":"Asesorias a Entidades Publicas - Big Idea","isPartOf":{"@id":"https:\/\/www.bigidea.com.ar\/#website"},"primaryImageOfPage":{"@id":"https:\/\/www.bigidea.com.ar\/asesorias-a-entidades-publicas\/#primaryimage"},"image":{"@id":"https:\/\/www.bigidea.com.ar\/asesorias-a-entidades-publicas\/#primaryimage"},"thumbnailUrl":"http:\/\/www.bigidea.com.ar\/wp-content\/uploads\/2022\/07\/noun-news-editing-918639.png","datePublished":"2022-08-22T14:50:44+00:00","dateModified":"2022-09-14T13:58:04+00:00","description":"Brindamos un desarrollo completo de proyectos con impacto social. Que motorizan los entramados productivos, vectoriza la educaci\u00f3n y los integra.","breadcrumb":{"@id":"https:\/\/www.bigidea.com.ar\/asesorias-a-entidades-publicas\/#breadcrumb"},"inLanguage":"en-US","potentialAction":[{"@type":"ReadAction","target":["https:\/\/www.bigidea.com.ar\/asesorias-a-entidades-publicas\/"]}]},{"@type":"ImageObject","inLanguage":"en-US","@id":"https:\/\/www.bigidea.com.ar\/asesorias-a-entidades-publicas\/#primaryimage","url":"http:\/\/www.bigidea.com.ar\/wp-content\/uploads\/2022\/07\/noun-news-editing-918639.png","contentUrl":"http:\/\/www.bigidea.com.ar\/wp-content\/uploads\/2022\/07\/noun-news-editing-918639.png"},{"@type":"BreadcrumbList","@id":"https:\/\/www.bigidea.com.ar\/asesorias-a-entidades-publicas\/#breadcrumb","itemListElement":[{"@type":"ListItem","position":1,"name":"Portada","item":"https:\/\/www.bigidea.com.ar\/"},{"@type":"ListItem","position":2,"name":"Asesorias a Entidades Publicas"}]},{"@type":"WebSite","@id":"https:\/\/www.bigidea.com.ar\/#website","url":"https:\/\/www.bigidea.com.ar\/","name":"Big Idea","description":"Soluciones Integrales Freelance","potentialAction":[{"@type":"SearchAction","target":{"@type":"EntryPoint","urlTemplate":"https:\/\/www.bigidea.com.ar\/?s={search_term_string}"},"query-input":{"@type":"PropertyValueSpecification","valueRequired":true,"valueName":"search_term_string"}}],"inLanguage":"en-US"}]}},"_links":{"self":[{"href":"http:\/\/www.bigidea.com.ar\/en\/wp-json\/wp\/v2\/pages\/739","targetHints":{"allow":["GET"]}}],"collection":[{"href":"http:\/\/www.bigidea.com.ar\/en\/wp-json\/wp\/v2\/pages"}],"about":[{"href":"http:\/\/www.bigidea.com.ar\/en\/wp-json\/wp\/v2\/types\/page"}],"author":[{"embeddable":true,"href":"http:\/\/www.bigidea.com.ar\/en\/wp-json\/wp\/v2\/users\/1"}],"replies":[{"embeddable":true,"href":"http:\/\/www.bigidea.com.ar\/en\/wp-json\/wp\/v2\/comments?post=739"}],"version-history":[{"count":11,"href":"http:\/\/www.bigidea.com.ar\/en\/wp-json\/wp\/v2\/pages\/739\/revisions"}],"predecessor-version":[{"id":812,"href":"http:\/\/www.bigidea.com.ar\/en\/wp-json\/wp\/v2\/pages\/739\/revisions\/812"}],"wp:attachment":[{"href":"http:\/\/www.bigidea.com.ar\/en\/wp-json\/wp\/v2\/media?parent=739"}],"curies":[{"name":"wp","href":"https:\/\/api.w.org\/{rel}","templated":true}]}}